{"id":1553,"date":"2021-03-26T11:57:23","date_gmt":"2021-03-26T10:57:23","guid":{"rendered":"http:\/\/liceum-glucholazy.pl\/?page_id=1553"},"modified":"2021-03-26T12:06:46","modified_gmt":"2021-03-26T11:06:46","slug":"historia-szkoly","status":"publish","type":"page","link":"https:\/\/liceum-glucholazy.pl\/index.php\/historia-szkoly\/","title":{"rendered":"Historia szko\u0142y"},"content":{"rendered":"\n<div class=\"wp-block-image\"><figure class=\"aligncenter size-large\"><img loading=\"lazy\" decoding=\"async\" width=\"1024\" height=\"296\" src=\"http:\/\/liceum-glucholazy.pl\/wp-content\/uploads\/2021\/03\/foto_historia.-1024x296.jpg\" alt=\"\" class=\"wp-image-1554\" srcset=\"https:\/\/liceum-glucholazy.pl\/wp-content\/uploads\/2021\/03\/foto_historia.-1024x296.jpg 1024w, https:\/\/liceum-glucholazy.pl\/wp-content\/uploads\/2021\/03\/foto_historia.-300x87.jpg 300w, https:\/\/liceum-glucholazy.pl\/wp-content\/uploads\/2021\/03\/foto_historia.-768x222.jpg 768w, https:\/\/liceum-glucholazy.pl\/wp-content\/uploads\/2021\/03\/foto_historia.-1536x444.jpg 1536w, https:\/\/liceum-glucholazy.pl\/wp-content\/uploads\/2021\/03\/foto_historia.-2048x592.jpg 2048w\" sizes=\"auto, (max-width: 1024px) 100vw, 1024px\" \/><\/figure><\/div>\n\n\n\n<p><\/p>\n\n\n\n<p>W kilku s\u0142owach o historii g\u0142ucho\u0142askiego Og\u00f3lniaka&#8230;<\/p>\n\n\n\n<p>Od pocz\u0105tku XX wieku przepi\u0119kny budynek z czerwonej ceg\u0142y, usytuowany niemal\u017ce w centrum G\u0142ucho\u0142az odgrywa\u0142 wa\u017cn\u0105 rol\u0119 w \u017cyciu miasta. Kamie\u0144 w\u0119gielny pod jego budow\u0119 po\u0142o\u017cono w roku 1900 i chocia\u017c wielu osobom nies\u0142usznie kojarzy\u0142 si\u0119 z klasztorem, zawsze s\u0142u\u017cy\u0142 edukacji.<\/p>\n\n\n\n<p>Pocz\u0105tkowo funkcjonowa\u0142o tu Kr\u00f3lewskie Seminarium Nauczycielskie, st\u0105d te\u017c wzi\u0119\u0142a nazw\u0119 ulica przy kt\u00f3rej mie\u015bci si\u0119 budynek \u2013 Seminarienstrasse. Ulica zmienia\u0142a sw\u0105 nazw\u0119 wraz ze zmianami totalitaryzm\u00f3w, kt\u00f3re przetacza\u0142y si\u0119 przez nasze ziemie: najpierw Adolf-Hitler-Strasse, potem ulica J\u00f3zefa Stalina, a od po\u0142owy lat 50-tych nosi ju\u017c nazw\u0119 ulicy Bohater\u00f3w Warszawy.<\/p>\n\n\n\n<p>Po II wojnie \u015bwiatowej, 5 wrze\u015bnia 1945 z inicjatywy pierwszego polskiego burmistrza G\u0142ucho\u0142az \u2013 Szymona Koszyka za\u0142o\u017cono w mie\u015bcie gimnazjum (4 klasy) i liceum (2 klasy). Do kwietnia 1947 roku LO mie\u015bci\u0142o si\u0119 w budynku Szko\u0142y Podstawowej nr 2 przy \u00f3wczesnej ulicy 3-go Maja. Szko\u0142a boryka\u0142a si\u0119 z wieloma problemami nie tylko natury organizacyjnej. Nauczyciele przybywali do G\u0142ucho\u0142az<br>z ca\u0142ej Polski, jednak\u017ce skompletowanie pe\u0142nej kadry nie by\u0142o \u0142atwym zadaniem. Brakowa\u0142o pomocy naukowych, podr\u0119cznik\u00f3w czy nawet zeszyt\u00f3w i przybor\u00f3w do pisania. Trudno te\u017c by\u0142o zweryfikowa\u0107 stan wiedzy podopiecznych, nale\u017ca\u0142o dok\u0142adnie analizowa\u0107 dostarczane \u015bwiadectwa czy za\u015bwiadczenia o uko\u0144czeniu szko\u0142y powszechnej, niekt\u00f3rzy uczniowie w og\u00f3le nie posiadali \u017cadnych dokument\u00f3w i musieli zdawa\u0107 egzaminy wst\u0119pne.<\/p>\n\n\n\n<p>Ostatecznie od ko\u0144ca 1947 roku Liceum Og\u00f3lnokszta\u0142c\u0105ce przeniesiono do okaza\u0142ego budynku przedwojennego Kr\u00f3lewskiego Seminarium Nauczycielskiego, kt\u00f3ry przez dwa powojenne lata zajmowa\u0142a stacjonuj\u0105ca w G\u0142ucho\u0142azach Armia Czerwona (mie\u015bci\u0142 si\u0119 tutaj szpital wojskowy \u2013 lazaret). Szko\u0142a mia\u0142a pozosta\u0107 w tym miejscu nieprzerwanie przez kolejnych 70 lat.<\/p>\n\n\n\n<p>W latach 50-tych powoli budowano baz\u0119 szkoly, jednak jej najwi\u0119kszy rozkwit rozpocz\u0105l si\u0119 od po\u0142owy lat 60-tych. Liczne remonty (nowy dach, wymiana ogrzewania oraz instalacji wodno-kanalizacyjnej, budowa kuchni i sto\u0142owki, wymiana pod\u0142\u00f3g) nie zaburza\u0142y rytmu pracy szko\u0142y, intensywne prace przeprowadzano zwykle po lekcjach, czasami nawet nocami.<\/p>\n\n\n\n<p>Jesieni\u0105 1964 roku zorganizowano I Zjazd Absolwent\u00f3w i nadano szkole imi\u0119 Boles\u0142awa Chrobrego, ufundowano sztandar i wprowadzono jednolite umundurowanie dla uczni\u00f3w. Po dwudziestu latach dzialalno\u015bci zmienila si\u0119 baza dydaktyczna szko\u0142y, co mia\u0142o wyra\u017ane prze\u0142o\u017cenie na osi\u0105gane przez uczni\u00f3w wyniki. W latach 70-tych funkcjonowaly ju\u017c nowoczesne gabinety przedmiotowe, w tym pracownia j\u0119zyk\u00f3w obcych, dziala\u0142y przy szkole r\u00f3\u017cne organizacje, gdzie mlodzie\u017c mogla rozwija\u0107 swoje pasje.<\/p>\n\n\n\n<p>Prze\u0142om lat 80-tych i 90-tych, przyni\u00f3s\u0142 szkole chyba najwi\u0119ksze &nbsp;zmiany, jakie mia\u0142y miesce w blisko p\u00f3\u0142wieczu jej istnienia. W du\u017cej mierze wi\u0105za\u0142o si\u0119 to ze zmianami politycznymi w kraju. Po ponad czterdziestu latach w szkole pojawi\u0142y si\u0119 takie przedmioty jak religia czy j\u0119zyk angielski, systematycznie rozwija\u0142y si\u0119 zaj\u0119cia z informatyki. Swoje sukcesy \u015bwi\u0119cili lekkoatleci (MKS Juwenia), koszykarki (Klub Chrobry), ch\u00f3r Capricolium, szkolni recytatorzy i inni.<\/p>\n\n\n\n<p>Od 1 wrze\u015bnia 2002 do 31 grudnia 2003 \u2013 liceum wesz\u0142o w sk\u0142ad Zespo\u0142u Szk\u00f3\u0142 w Glucho\u0142azach, lecz rewolucyjny dla statusu szko\u0142y okaza\u0142 si\u0119 rok 2004. W poszukiwaniu kolejnych oszcz\u0119dno\u015bci Starostwo Powiatowe w Nysie postanowi\u0142o zlikwidowa\u0107 po blisko 60 latach szko\u0142\u0119 w budynku przy ul. Bohater\u00f3w Warszawy i przenie\u015b\u0107 klasy liceum do budynku Zespo\u0142u Szk\u00f3\u0142 przy ul. Kolonii Kaszubskiej. Wywo\u0142a\u0142o to ogromny sprzeciw g\u0142ucho\u0142askiego \u015brodowiska. Chc\u0105c ratowa\u0107 rang\u0119 g\u0142ucho\u0142askiego liceum i sam budynek, zadanie prowadzenia szko\u0142y przej\u0119\u0142a gmina. Niestety ci\u0105g\u0142y spadek liczby dzieci i wi\u0119ksza ni\u017c wcze\u015bniej konkurencja zamiejscowych szk\u00f3\u0142, powodowa\u0142y k\u0142opoty z kolejnymi naborami. Efektem tego by\u0142a rezygnacja gminy z prowadzenia liceum.<\/p>\n\n\n\n<p>W roku 2017 szko\u0142\u0119 ponownie w\u0142\u0105czono do Zespo\u0142u Szk\u00f3\u0142 i przeniesiono fizycznie do jego siedziby na ul. Kolonii Kaszubskiej, po dw\u00f3ch latach liceum praktycznie zako\u0144czy\u0142o dzia\u0142alno\u015b\u0107.<\/p>\n\n\n\n<p>Od 1 wrze\u015bnia 2019 uruchomione zosta\u0142o nowe, Niepubliczne Liceum Og\u00f3lnokszta\u0142c\u0105ce kt\u00f3rego organem prowadz\u0105cym jest Stowarzyszenie na Rzecz Szk\u00f3\u0142 \u201dChrobry\u201d.<\/p>\n\n\n\n<p>Liceum zn\u00f3w mie\u015bci si\u0119 w zabytkowym budynku w centrum miasta. Po raz kolejny trzeba odbudowa\u0107 jego baz\u0119 dydaktyczn\u0105, chocia\u017c dzi\u015b s\u0105 to narz\u0119dzia zwi\u0105zane z nowymi technologiami i szko\u0142a cz\u0119\u015bciowo pracuje \u201dw chmurze\u201d.<\/p>\n\n\n\n<p>Ju\u017c czwarte pokolenie g\u0142ucho\u0142azian jest zwi\u0105zane z naszym Og\u00f3lniakiem.<\/p>\n\n\n\n<p><em>\u017ar\u00f3d\u0142o: dr Pawe\u0142 Szymkowicz, publikacja z okazji IV Zjazdu Absolwent\u00f3w, 2015 r.<\/em><\/p>\n<div class=\"gsp_post_data\" data-post_type=\"page\" data-cat=\"\" data-modified=\"120\" data-title=\"Historia szko\u0142y\" data-home=\"https:\/\/liceum-glucholazy.pl\"><\/div>","protected":false},"excerpt":{"rendered":"<p>W kilku s\u0142owach o historii g\u0142ucho\u0142askiego Og\u00f3lniaka&#8230; Od pocz\u0105tku XX wieku przepi\u0119kny budynek z czerwonej ceg\u0142y, usytuowany niemal\u017ce w centrum G\u0142ucho\u0142az odgrywa\u0142 wa\u017cn\u0105 rol\u0119 w \u017cyciu miasta. Kamie\u0144 w\u0119gielny pod &#8230;<\/p>\n","protected":false},"author":1,"featured_media":0,"parent":0,"menu_order":0,"comment_status":"closed","ping_status":"closed","template":"","meta":{"footnotes":""},"class_list":["post-1553","page","type-page","status-publish","hentry"],"_links":{"self":[{"href":"https:\/\/liceum-glucholazy.pl\/index.php\/wp-json\/wp\/v2\/pages\/1553","targetHints":{"allow":["GET"]}}],"collection":[{"href":"https:\/\/liceum-glucholazy.pl\/index.php\/wp-json\/wp\/v2\/pages"}],"about":[{"href":"https:\/\/liceum-glucholazy.pl\/index.php\/wp-json\/wp\/v2\/types\/page"}],"author":[{"embeddable":true,"href":"https:\/\/liceum-glucholazy.pl\/index.php\/wp-json\/wp\/v2\/users\/1"}],"replies":[{"embeddable":true,"href":"https:\/\/liceum-glucholazy.pl\/index.php\/wp-json\/wp\/v2\/comments?post=1553"}],"version-history":[{"count":2,"href":"https:\/\/liceum-glucholazy.pl\/index.php\/wp-json\/wp\/v2\/pages\/1553\/revisions"}],"predecessor-version":[{"id":1557,"href":"https:\/\/liceum-glucholazy.pl\/index.php\/wp-json\/wp\/v2\/pages\/1553\/revisions\/1557"}],"wp:attachment":[{"href":"https:\/\/liceum-glucholazy.pl\/index.php\/wp-json\/wp\/v2\/media?parent=1553"}],"curies":[{"name":"wp","href":"https:\/\/api.w.org\/{rel}","templated":true}]}}