{"id":1608,"date":"2021-03-29T20:30:36","date_gmt":"2021-03-29T18:30:36","guid":{"rendered":"https:\/\/liceum-glucholazy.pl\/?page_id=1608"},"modified":"2021-03-29T20:30:36","modified_gmt":"2021-03-29T18:30:36","slug":"nauczyciele","status":"publish","type":"page","link":"https:\/\/liceum-glucholazy.pl\/index.php\/nauczyciele\/","title":{"rendered":"NAUCZYCIELE"},"content":{"rendered":"\n<p>S\u0105 w\u015br\u00f3d nich osoby z bardzo du\u017cym do\u015bwiadczeniem czy osoby z nowatorskim spojrzeniem na \u015bwiat, z energi\u0105. Tworz\u0105 bardzo zgrany zesp\u00f3\u0142, uzupe\u0142niaj\u0105 si\u0119 i wsp\u00f3\u0142pracuj\u0105, ci\u0105gle poszukuj\u0105 jak najlepszych metod edukacji, bo ta w niebywa\u0142ym tempie zmienia si\u0119 na naszych oczach. Zawsze gotowi do pomocy, znaj\u0105cy swoich uczni\u00f3w doskonale. Wk\u0142adaj\u0105 wiele wysi\u0142ku i serca w przygotowanie ich do egzaminu dojrza\u0142o\u015bci czy do konkurs\u00f3w i olimpiad, w kt\u00f3rych szko\u0142a licznie bierze udzia\u0142. Nie boimy si\u0119 wyp\u0142ywa\u0107 na szerokie wody, nawet te mi\u0119dzynarodowe. Bardzo wa\u017cnym elementem jest w Og\u00f3lniaku pomoc psychologiczno-pedagogiczna. Jeste\u015bmy zespo\u0142em i jeste\u015bmy dla Was.<\/p>\n<div class=\"gsp_post_data\" data-post_type=\"page\" data-cat=\"\" data-modified=\"120\" data-title=\"NAUCZYCIELE\" data-home=\"https:\/\/liceum-glucholazy.pl\"><\/div>","protected":false},"excerpt":{"rendered":"<p>S\u0105 w\u015br\u00f3d nich osoby z bardzo du\u017cym do\u015bwiadczeniem czy osoby z nowatorskim spojrzeniem na \u015bwiat, z energi\u0105. Tworz\u0105 bardzo zgrany zesp\u00f3\u0142, uzupe\u0142niaj\u0105 si\u0119 i wsp\u00f3\u0142pracuj\u0105, ci\u0105gle poszukuj\u0105 jak najlepszych metod &#8230;<\/p>\n","protected":false},"author":1,"featured_media":0,"parent":0,"menu_order":0,"comment_status":"closed","ping_status":"closed","template":"","meta":{"footnotes":""},"class_list":["post-1608","page","type-page","status-publish","hentry"],"_links":{"self":[{"href":"https:\/\/liceum-glucholazy.pl\/index.php\/wp-json\/wp\/v2\/pages\/1608","targetHints":{"allow":["GET"]}}],"collection":[{"href":"https:\/\/liceum-glucholazy.pl\/index.php\/wp-json\/wp\/v2\/pages"}],"about":[{"href":"https:\/\/liceum-glucholazy.pl\/index.php\/wp-json\/wp\/v2\/types\/page"}],"author":[{"embeddable":true,"href":"https:\/\/liceum-glucholazy.pl\/index.php\/wp-json\/wp\/v2\/users\/1"}],"replies":[{"embeddable":true,"href":"https:\/\/liceum-glucholazy.pl\/index.php\/wp-json\/wp\/v2\/comments?post=1608"}],"version-history":[{"count":1,"href":"https:\/\/liceum-glucholazy.pl\/index.php\/wp-json\/wp\/v2\/pages\/1608\/revisions"}],"predecessor-version":[{"id":1609,"href":"https:\/\/liceum-glucholazy.pl\/index.php\/wp-json\/wp\/v2\/pages\/1608\/revisions\/1609"}],"wp:attachment":[{"href":"https:\/\/liceum-glucholazy.pl\/index.php\/wp-json\/wp\/v2\/media?parent=1608"}],"curies":[{"name":"wp","href":"https:\/\/api.w.org\/{rel}","templated":true}]}}