{"id":1631,"date":"2021-04-08T14:24:06","date_gmt":"2021-04-08T12:24:06","guid":{"rendered":"https:\/\/liceum-glucholazy.pl\/?page_id=1631"},"modified":"2025-11-22T21:48:20","modified_gmt":"2025-11-22T20:48:20","slug":"doradztwo-zawodowe","status":"publish","type":"page","link":"https:\/\/liceum-glucholazy.pl\/index.php\/doradztwo-zawodowe\/","title":{"rendered":"Doradztwo zawodowe"},"content":{"rendered":"\n<p><strong>Doradztwo zawodowe<\/strong><\/p>\n\n\n\n<p>Wci\u0105\u017c zastanawiasz si\u0119 nad w\u0142asn\u0105 \u015bcie\u017ck\u0105 kariery? Sprawd\u017a, jakie s\u0105 mo\u017cliwo\u015bci:<\/p>\n\n\n\n<p><a href=\"https:\/\/mapakarier.org\/\">https:\/\/mapakarier.org\/<\/a>&nbsp;&#8211; portal, na kt\u00f3rym w przyst\u0119pny spos\u00f3b opisano ponad 600 zawod\u00f3w wraz z wymagan\u0105 \u015bcie\u017ck\u0105 edukacyjn\u0105&nbsp;<\/p>\n\n\n\n<p><a href=\"https:\/\/studia.gov.pl\/wybierz-studia\/\">https:\/\/studia.gov.pl\/wybierz-studia\/<\/a>&nbsp;&#8211; oficjalny portal Ministerstwa Edukacji iNauki z&nbsp;wyszukiwark\u0105 kierunk\u00f3w studi\u00f3w&nbsp;<\/p>\n\n\n\n<p>perspektywy.pl\u00a0&#8211; portal edukacyjny Perspektywy: rankingi uczelni wy\u017cszych, informacje o\u00a0rekrutacji\u00a0 i\u00a0kierunkach\u00a0\u00a0<\/p>\n\n\n\n<p>Doradca zawodowy w szkole: mgr Dorota Rytko<\/p>\n\n\n\n<p><\/p>\n<div class=\"gsp_post_data\" data-post_type=\"page\" data-cat=\"\" data-modified=\"120\" data-title=\"Doradztwo zawodowe\" data-home=\"https:\/\/liceum-glucholazy.pl\"><\/div>","protected":false},"excerpt":{"rendered":"<p>Doradztwo zawodowe Wci\u0105\u017c zastanawiasz si\u0119 nad w\u0142asn\u0105 \u015bcie\u017ck\u0105 kariery? Sprawd\u017a, jakie s\u0105 mo\u017cliwo\u015bci: https:\/\/mapakarier.org\/&nbsp;&#8211; portal, na kt\u00f3rym w przyst\u0119pny spos\u00f3b opisano ponad 600 zawod\u00f3w wraz z wymagan\u0105 \u015bcie\u017ck\u0105 edukacyjn\u0105&nbsp; https:\/\/studia.gov.pl\/wybierz-studia\/&nbsp;&#8211; &#8230;<\/p>\n","protected":false},"author":1,"featured_media":0,"parent":0,"menu_order":0,"comment_status":"closed","ping_status":"closed","template":"","meta":{"footnotes":""},"class_list":["post-1631","page","type-page","status-publish","hentry"],"_links":{"self":[{"href":"https:\/\/liceum-glucholazy.pl\/index.php\/wp-json\/wp\/v2\/pages\/1631","targetHints":{"allow":["GET"]}}],"collection":[{"href":"https:\/\/liceum-glucholazy.pl\/index.php\/wp-json\/wp\/v2\/pages"}],"about":[{"href":"https:\/\/liceum-glucholazy.pl\/index.php\/wp-json\/wp\/v2\/types\/page"}],"author":[{"embeddable":true,"href":"https:\/\/liceum-glucholazy.pl\/index.php\/wp-json\/wp\/v2\/users\/1"}],"replies":[{"embeddable":true,"href":"https:\/\/liceum-glucholazy.pl\/index.php\/wp-json\/wp\/v2\/comments?post=1631"}],"version-history":[{"count":2,"href":"https:\/\/liceum-glucholazy.pl\/index.php\/wp-json\/wp\/v2\/pages\/1631\/revisions"}],"predecessor-version":[{"id":19595,"href":"https:\/\/liceum-glucholazy.pl\/index.php\/wp-json\/wp\/v2\/pages\/1631\/revisions\/19595"}],"wp:attachment":[{"href":"https:\/\/liceum-glucholazy.pl\/index.php\/wp-json\/wp\/v2\/media?parent=1631"}],"curies":[{"name":"wp","href":"https:\/\/api.w.org\/{rel}","templated":true}]}}