{"id":2796,"date":"2024-05-31T15:02:31","date_gmt":"2024-05-31T13:02:31","guid":{"rendered":"https:\/\/liceum-glucholazy.pl\/?page_id=2796"},"modified":"2024-05-31T15:02:31","modified_gmt":"2024-05-31T13:02:31","slug":"5-lecie-nlo","status":"publish","type":"page","link":"https:\/\/liceum-glucholazy.pl\/index.php\/5-lecie-nlo\/","title":{"rendered":"5-lecie NLO"},"content":{"rendered":"\n<p>Niepubliczne Liceum Og\u00f3lnokszta\u0142c\u0105ce w G\u0142ucho\u0142azach istnieje od 5 lat. <br>Zobaczcie, czym ten czas zosta\u0142 wype\u0142niony.<\/p>\n\n\n<a href=\"https:\/\/liceum-glucholazy.pl\/wp-content\/uploads\/2024\/05\/NLO_Prezentacja_ogolna_2024-skompresowany.pdf\" class=\"pdfemb-viewer\" style=\"\" data-width=\"max\" data-height=\"max\" data-toolbar=\"bottom\" data-toolbar-fixed=\"off\">NLO_Prezentacja_ogolna_2024-skompresowany<\/a><div class=\"gsp_post_data\" data-post_type=\"page\" data-cat=\"\" data-modified=\"120\" data-title=\"5-lecie NLO\" data-home=\"https:\/\/liceum-glucholazy.pl\"><\/div>","protected":false},"excerpt":{"rendered":"<p>Niepubliczne Liceum Og\u00f3lnokszta\u0142c\u0105ce w G\u0142ucho\u0142azach istnieje od 5 lat. Zobaczcie, czym ten czas zosta\u0142 wype\u0142niony.<\/p>\n","protected":false},"author":1,"featured_media":0,"parent":0,"menu_order":0,"comment_status":"closed","ping_status":"closed","template":"","meta":{"footnotes":""},"class_list":["post-2796","page","type-page","status-publish","hentry"],"_links":{"self":[{"href":"https:\/\/liceum-glucholazy.pl\/index.php\/wp-json\/wp\/v2\/pages\/2796","targetHints":{"allow":["GET"]}}],"collection":[{"href":"https:\/\/liceum-glucholazy.pl\/index.php\/wp-json\/wp\/v2\/pages"}],"about":[{"href":"https:\/\/liceum-glucholazy.pl\/index.php\/wp-json\/wp\/v2\/types\/page"}],"author":[{"embeddable":true,"href":"https:\/\/liceum-glucholazy.pl\/index.php\/wp-json\/wp\/v2\/users\/1"}],"replies":[{"embeddable":true,"href":"https:\/\/liceum-glucholazy.pl\/index.php\/wp-json\/wp\/v2\/comments?post=2796"}],"version-history":[{"count":1,"href":"https:\/\/liceum-glucholazy.pl\/index.php\/wp-json\/wp\/v2\/pages\/2796\/revisions"}],"predecessor-version":[{"id":2798,"href":"https:\/\/liceum-glucholazy.pl\/index.php\/wp-json\/wp\/v2\/pages\/2796\/revisions\/2798"}],"wp:attachment":[{"href":"https:\/\/liceum-glucholazy.pl\/index.php\/wp-json\/wp\/v2\/media?parent=2796"}],"curies":[{"name":"wp","href":"https:\/\/api.w.org\/{rel}","templated":true}]}}